{"id":5748,"date":"2024-11-29T11:17:04","date_gmt":"2024-11-29T10:17:04","guid":{"rendered":"https:\/\/rd-immokonzept.stark-systems.de\/?page_id=5748"},"modified":"2024-12-10T20:14:39","modified_gmt":"2024-12-10T19:14:39","slug":"wohntraum-finder","status":"publish","type":"page","link":"https:\/\/rd-immokonzept.de\/en\/wohntraum-finder\/","title":{"rendered":"Wohntraum finder"},"content":{"rendered":"<div data-elementor-type=\"wp-page\" data-elementor-id=\"5748\" class=\"elementor elementor-5748\" data-elementor-post-type=\"page\">\n\t\t\t\t<div class=\"elementor-element elementor-element-dd537c3 e-flex e-con-boxed e-con e-parent\" data-id=\"dd537c3\" data-element_type=\"container\" data-e-type=\"container\" data-settings=\"{&quot;background_background&quot;:&quot;classic&quot;}\">\n\t\t\t\t\t<div class=\"e-con-inner\">\n\t\t\t\t\t<\/div>\n\t\t\t\t<\/div>\n\t\t<div class=\"elementor-element elementor-element-6ddb2b6 e-flex e-con-boxed e-con e-child\" data-id=\"6ddb2b6\" data-element_type=\"container\" data-e-type=\"container\">\n\t\t\t\t\t<div class=\"e-con-inner\">\n\t\t\t\t<div class=\"elementor-element elementor-element-734b374 elementor-widget elementor-widget-heading\" data-id=\"734b374\" data-element_type=\"widget\" data-e-type=\"widget\" data-widget_type=\"heading.default\">\n\t\t\t\t<div class=\"elementor-widget-container\">\n\t\t\t\t\t<h1 class=\"elementor-heading-title elementor-size-default\">Erf\u00fcllen Sie sich Ihren Wohntraum<\/h1>\t\t\t\t<\/div>\n\t\t\t\t<\/div>\n\t\t\t\t<div class=\"elementor-element elementor-element-db873f8 elementor-widget elementor-widget-text-editor\" data-id=\"db873f8\" data-element_type=\"widget\" data-e-type=\"widget\" data-widget_type=\"text-editor.default\">\n\t\t\t\t<div class=\"elementor-widget-container\">\n\t\t\t\t\t\t\t\t\tDie Suche nach Ihrer Traumimmobilie beginnt mit wenigen Klicks. Sagen Sie uns, was Ihnen wichtig ist &#8211; und wir starten die Suche f\u00fcr Sie. Unverbindlich und kostenfrei.\n\n\t\t\t\t\t\t\t\t<\/div>\n\t\t\t\t<\/div>\n\t\t\t\t\t<\/div>\n\t\t\t\t<\/div>\n\t\t<div class=\"elementor-element elementor-element-05e1090 e-flex e-con-boxed e-con e-parent\" data-id=\"05e1090\" data-element_type=\"container\" data-e-type=\"container\" id=\"cta\">\n\t\t\t\t\t<div class=\"e-con-inner\">\n\t\t<div class=\"elementor-element elementor-element-ec673e5 e-flex e-con-boxed e-con e-child\" data-id=\"ec673e5\" data-element_type=\"container\" data-e-type=\"container\">\n\t\t\t\t\t<div class=\"e-con-inner\">\n\t\t\t\t<div class=\"elementor-element elementor-element-09161aa elementor-widget elementor-widget-html\" data-id=\"09161aa\" data-element_type=\"widget\" data-e-type=\"widget\" data-widget_type=\"html.default\">\n\t\t\t\t<div class=\"elementor-widget-container\">\n\t\t\t\t\t<script       src=\"https:\/\/iframe.immowissen.org\/loader.min.js\"       data-company=\"rd-immokonzept1\"       data-slug=\"wohntraum-finder\"              data-bottimmo defer>       <\/script>\t\t\t\t<\/div>\n\t\t\t\t<\/div>\n\t\t\t\t\t<\/div>\n\t\t\t\t<\/div>\n\t\t\t\t\t<\/div>\n\t\t\t\t<\/div>\n\t\t<div class=\"elementor-element elementor-element-3677864 e-flex e-con-boxed e-con e-parent\" data-id=\"3677864\" data-element_type=\"container\" data-e-type=\"container\">\n\t\t\t\t\t<div class=\"e-con-inner\">\n\t\t<div class=\"elementor-element elementor-element-40447f9 e-con-full e-flex e-con e-child\" data-id=\"40447f9\" data-element_type=\"container\" data-e-type=\"container\">\n\t\t\t\t<div class=\"elementor-element elementor-element-98f4f2c elementor-widget elementor-widget-heading\" data-id=\"98f4f2c\" data-element_type=\"widget\" data-e-type=\"widget\" data-widget_type=\"heading.default\">\n\t\t\t\t<div class=\"elementor-widget-container\">\n\t\t\t\t\t<h2 class=\"elementor-heading-title elementor-size-default\">Gemeinsam zu Ihrem Wohntraum<\/h2>\t\t\t\t<\/div>\n\t\t\t\t<\/div>\n\t\t\t\t<div class=\"elementor-element elementor-element-f824c8f elementor-widget elementor-widget-text-editor\" data-id=\"f824c8f\" data-element_type=\"widget\" data-e-type=\"widget\" data-widget_type=\"text-editor.default\">\n\t\t\t\t<div class=\"elementor-widget-container\">\n\t\t\t\t\t\t\t\t\tGibt es da drau\u00dfen Ihre Traumimmobilie? Suchen Sie schon eine ganze Weile, sind dann aber doch nie f\u00fcndig geworden? Sparen Sie sich die Zeit und \u00fcberlassen Sie die Arbeit einfach uns. Mit uns ist die Suche nach der passenden Immobilie ganz einfach. Wenige Angaben gen\u00fcgen und wir k\u00f6nnen loslegen. Das ist das Geheimnis eines guten Immobilienmaklers: Wir bringen Eigent\u00fcmer und Suchkunden ins Gespr\u00e4ch.\t\t\t\t\t\t\t\t<\/div>\n\t\t\t\t<\/div>\n\t\t\t\t<div class=\"elementor-element elementor-element-a262ff5 btn-w-100-mobile elementor-widget elementor-widget-button\" data-id=\"a262ff5\" data-element_type=\"widget\" data-e-type=\"widget\" data-widget_type=\"button.default\">\n\t\t\t\t<div class=\"elementor-widget-container\">\n\t\t\t\t\t\t\t\t\t<div class=\"elementor-button-wrapper\">\n\t\t\t\t\t<a class=\"elementor-button elementor-button-link elementor-size-sm\" href=\"#cta\">\n\t\t\t\t\t\t<span class=\"elementor-button-content-wrapper\">\n\t\t\t\t\t\t\t\t\t<span class=\"elementor-button-text\">Wo m\u00f6chten Sie wohnen?<\/span>\n\t\t\t\t\t<\/span>\n\t\t\t\t\t<\/a>\n\t\t\t\t<\/div>\n\t\t\t\t\t\t\t\t<\/div>\n\t\t\t\t<\/div>\n\t\t\t\t<\/div>\n\t\t<div class=\"elementor-element elementor-element-89e9f9b e-con-full e-flex e-con e-child\" data-id=\"89e9f9b\" data-element_type=\"container\" data-e-type=\"container\">\n\t\t\t\t<div class=\"elementor-element elementor-element-bd2d12b elementor-widget elementor-widget-image\" data-id=\"bd2d12b\" data-element_type=\"widget\" data-e-type=\"widget\" data-widget_type=\"image.default\">\n\t\t\t\t<div class=\"elementor-widget-container\">\n\t\t\t\t\t\t\t\t\t\t\t\t\t\t\t<img decoding=\"async\" width=\"1920\" height=\"1281\" src=\"https:\/\/rd-immokonzept.de\/wp-content\/uploads\/2024\/09\/DSC03774.jpg\" class=\"attachment-large size-large wp-image-3238\" alt=\"\" srcset=\"https:\/\/rd-immokonzept.de\/wp-content\/uploads\/2024\/09\/DSC03774.jpg 1920w, https:\/\/rd-immokonzept.de\/wp-content\/uploads\/2024\/09\/DSC03774-18x12.jpg 18w\" sizes=\"(max-width: 1920px) 100vw, 1920px\" title=\"\">\t\t\t\t\t\t\t\t\t\t\t\t\t\t\t<\/div>\n\t\t\t\t<\/div>\n\t\t\t\t<\/div>\n\t\t\t\t\t<\/div>\n\t\t\t\t<\/div>\n\t\t\t\t<\/div>","protected":false},"excerpt":{"rendered":"<p>Erf\u00fcllen Sie sich Ihren Wohntraum Die Suche nach Ihrer Traumimmobilie beginnt mit wenigen Klicks. Sagen Sie uns, was Ihnen wichtig ist &#8211; und wir starten die Suche f\u00fcr Sie. Unverbindlich und kostenfrei. Gemeinsam zu Ihrem Wohntraum Gibt es da drau\u00dfen Ihre Traumimmobilie? Suchen Sie schon eine ganze Weile, sind dann aber doch nie f\u00fcndig geworden? [&hellip;]<\/p>\n","protected":false},"author":5,"featured_media":0,"parent":0,"menu_order":0,"comment_status":"closed","ping_status":"closed","template":"","meta":{"_acf_changed":false,"footnotes":""},"class_list":["post-5748","page","type-page","status-publish","hentry"],"acf":[],"_links":{"self":[{"href":"https:\/\/rd-immokonzept.de\/en\/wp-json\/wp\/v2\/pages\/5748","targetHints":{"allow":["GET"]}}],"collection":[{"href":"https:\/\/rd-immokonzept.de\/en\/wp-json\/wp\/v2\/pages"}],"about":[{"href":"https:\/\/rd-immokonzept.de\/en\/wp-json\/wp\/v2\/types\/page"}],"author":[{"embeddable":true,"href":"https:\/\/rd-immokonzept.de\/en\/wp-json\/wp\/v2\/users\/5"}],"replies":[{"embeddable":true,"href":"https:\/\/rd-immokonzept.de\/en\/wp-json\/wp\/v2\/comments?post=5748"}],"version-history":[{"count":0,"href":"https:\/\/rd-immokonzept.de\/en\/wp-json\/wp\/v2\/pages\/5748\/revisions"}],"wp:attachment":[{"href":"https:\/\/rd-immokonzept.de\/en\/wp-json\/wp\/v2\/media?parent=5748"}],"curies":[{"name":"wp","href":"https:\/\/api.w.org\/{rel}","templated":true}]}}