{"id":2185,"date":"2024-07-26T11:03:48","date_gmt":"2024-07-26T10:03:48","guid":{"rendered":"https:\/\/rd-immokonzept.stark-systems.de\/?page_id=2185"},"modified":"2025-01-30T14:11:38","modified_gmt":"2025-01-30T13:11:38","slug":"grundstueck-kaufen","status":"publish","type":"page","link":"https:\/\/rd-immokonzept.de\/en\/grundstueck-kaufen\/","title":{"rendered":"Grundst\u00fcck kaufen"},"content":{"rendered":"\t\t<div data-elementor-type=\"wp-page\" data-elementor-id=\"2185\" class=\"elementor elementor-2185\" data-elementor-post-type=\"page\">\n\t\t\t\t<div class=\"elementor-element elementor-element-4786a3a e-flex e-con-boxed e-con e-parent\" data-id=\"4786a3a\" data-element_type=\"container\" data-e-type=\"container\" data-settings=\"{&quot;background_background&quot;:&quot;gradient&quot;}\">\n\t\t\t\t\t<div class=\"e-con-inner\">\n\t\t\t\t\t<\/div>\n\t\t\t\t<\/div>\n\t\t<div class=\"elementor-element elementor-element-bc4b897 e-flex e-con-boxed e-con e-parent\" data-id=\"bc4b897\" data-element_type=\"container\" data-e-type=\"container\">\n\t\t\t\t\t<div class=\"e-con-inner\">\n\t\t<div class=\"elementor-element elementor-element-fc912a3 e-con-full e-flex e-con e-child\" data-id=\"fc912a3\" data-element_type=\"container\" data-e-type=\"container\">\n\t\t\t\t<div class=\"elementor-element elementor-element-71c4b3a elementor-widget elementor-widget-heading\" data-id=\"71c4b3a\" data-element_type=\"widget\" data-e-type=\"widget\" data-widget_type=\"heading.default\">\n\t\t\t\t<div class=\"elementor-widget-container\">\n\t\t\t\t\t<h1 class=\"elementor-heading-title elementor-size-default\">Grundst\u00fcck kaufen in Th\u00fcringen<\/h1>\t\t\t\t<\/div>\n\t\t\t\t<\/div>\n\t\t\t\t<div class=\"elementor-element elementor-element-dcaa98a elementor-widget elementor-widget-text-editor\" data-id=\"dcaa98a\" data-element_type=\"widget\" data-e-type=\"widget\" data-widget_type=\"text-editor.default\">\n\t\t\t\t<div class=\"elementor-widget-container\">\n\t\t\t\t\t\t\t\t\t<p>Finden Sie das perfekte Grundst\u00fcck f\u00fcr Ihr Bauvorhaben mit unserer umfassenden Unterst\u00fctzung und regionalen Expertise<\/p>\t\t\t\t\t\t\t\t<\/div>\n\t\t\t\t<\/div>\n\t\t\t\t<\/div>\n\t\t\t\t\t<\/div>\n\t\t\t\t<\/div>\n\t\t<div class=\"elementor-element elementor-element-45bd902 e-con-full e-flex e-con e-parent\" data-id=\"45bd902\" data-element_type=\"container\" data-e-type=\"container\" data-settings=\"{&quot;background_background&quot;:&quot;classic&quot;}\">\n\t\t<div class=\"elementor-element elementor-element-b742234 e-flex e-con-boxed e-con e-child\" data-id=\"b742234\" data-element_type=\"container\" data-e-type=\"container\">\n\t\t\t\t\t<div class=\"e-con-inner\">\n\t\t\t\t<div class=\"elementor-element elementor-element-5b86bc1 elementor-widget elementor-widget-heading\" data-id=\"5b86bc1\" data-element_type=\"widget\" data-e-type=\"widget\" data-widget_type=\"heading.default\">\n\t\t\t\t<div class=\"elementor-widget-container\">\n\t\t\t\t\t<h2 class=\"elementor-heading-title elementor-size-default\">Aktuelle Grundst\u00fccke zum Kauf - RD-Immokonzept<\/h2>\t\t\t\t<\/div>\n\t\t\t\t<\/div>\n\t\t\t\t<div data-frymo-query-id=\"\" data-frymo-widget-settings=\"{&quot;post_id&quot;:2185,&quot;widget_id&quot;:&quot;b583559&quot;,&quot;query_id&quot;:&quot;&quot;,&quot;scrolltop_offset&quot;:100}\" class=\"elementor-element elementor-element-b583559 houses elementor-widget elementor-widget-frymo-listing\" data-id=\"b583559\" data-element_type=\"widget\" data-e-type=\"widget\" data-widget_type=\"frymo-listing.grid-skin\">\n\t\t\t\t<div class=\"elementor-widget-container\">\n\t\t\t\t\t<div class=\"frymo-listing-toolbar\"><div class=\"frymo-results-count\">Showing 1 to 2 of 2 Properties<\/div><div class=\"frymo-order-switcher\"><select class=\"frymo-orderby-select\" autocomplete=\"off\"><option value=\"default\"  >Default Sorting<\/option><option value=\"price_asc\"  >Price (lowest first)<\/option><option value=\"price_desc\"  >Price (highest first)<\/option><option value=\"rooms_asc\"  >Rooms (lowest first)<\/option><option value=\"rooms_desc\"  >Rooms (highest first)<\/option><option value=\"area_asc\"  >Area (lowest first)<\/option><option value=\"area_desc\"  >Area (highest first)<\/option><option value=\"id_asc\"  >External ID (smallest first)<\/option><option value=\"id_desc\"  >External ID (largest first)<\/option><option value=\"id_internal_asc\"  >Internal ID (smallest first)<\/option><option value=\"id_internal_desc\"  >Internal ID (largest first)<\/option><option value=\"date_asc\"  >Published Date (oldest first)<\/option><option value=\"date_desc\"  selected='selected' >Published Date (newest first)<\/option><\/select><\/div><\/div><div class=\"frymo-listing frymo-listing-grid-skin \" data-settings=\"{&quot;post_id&quot;:2185,&quot;widget_id&quot;:&quot;b583559&quot;,&quot;query_id&quot;:&quot;&quot;,&quot;scrolltop_offset&quot;:100}\"><script type=\"application\/ld+json\">{\"@context\":\"https:\/\/schema.org\",\"@type\":\"ItemList\",\"itemListElement\":[{\"@type\":\"ListItem\",\"position\":1,\"name\":\"Baugrundst\u00fcck in Orlam\u00fcnde - positiver Vorbescheid\",\"url\":\"https:\/\/rd-immokonzept.de\/en\/immobilie\/baugrundstueck-in-orlamuende-positiver-vorbescheid\/\"},{\"@type\":\"ListItem\",\"position\":2,\"name\":\"Der Grund und Boden f\u00fcr Ihr Traumhaus!\",\"url\":\"https:\/\/rd-immokonzept.de\/en\/immobilie\/der-grund-und-boden-fuer-ihr-traumhaus\/\"}]}<\/script><article class=\"frymo-listing-item post-id-6805\"><a class=\"frymo-listing-image\" href=\"https:\/\/rd-immokonzept.de\/en\/immobilie\/baugrundstueck-in-orlamuende-positiver-vorbescheid\/\" aria-label=\"Baugrundst\u00fcck in Orlam\u00fcnde &#8211; positiver Vorbescheid\"><div class=\"frymo-listing-badges\"><div class=\"frymo-listing-badge badge-status badge-verfuegbar\">Verf\u00fcgbar<\/div><div class=\"frymo-listing-badge badge-type badge-kauf\">Kauf<\/div><\/div><div class=\"frymo-listing-image-wrapper\"><img decoding=\"async\" width=\"768\" height=\"581\" src=\"https:\/\/rd-immokonzept.de\/wp-content\/uploads\/2025\/02\/9dff1de6-719a-467b-8e37-c1599f51d6a2.jpg\" class=\"attachment-medium_large size-medium_large wp-post-image\" alt=\"Grundst\u00fcck\" srcset=\"https:\/\/rd-immokonzept.de\/wp-content\/uploads\/2025\/02\/9dff1de6-719a-467b-8e37-c1599f51d6a2.jpg 1000w, https:\/\/rd-immokonzept.de\/wp-content\/uploads\/2025\/02\/9dff1de6-719a-467b-8e37-c1599f51d6a2-16x12.jpg 16w\" sizes=\"(max-width: 768px) 100vw, 768px\" title=\"\"><\/div><\/a><div class=\"frymo-listing-content\"><div class=\"frymo-listing-id-wrapper\"><div class=\"frymo-listing-property-id\">ID: 1019<\/div><\/div><h3 class='frymo-listing-title'><a href='https:\/\/rd-immokonzept.de\/en\/immobilie\/baugrundstueck-in-orlamuende-positiver-vorbescheid\/' aria-label='Baugrundst\u00fcck in Orlam\u00fcnde &#8211; positiver Vorbescheid'>Baugrundst\u00fcck in Orlam\u00fcnde &#8211; positiver Vorbescheid<\/a><\/h3><div class=\"frymo-listing-location\"><i class=\"frymo-icon frymo-icon-location-2\"><\/i>07768, Orlam\u00fcnde<\/div><div class=\"frymo-listing-meta\"><span class=\"frymo-listing-meta-item frymo-listing-ground_area \" data-frymo-tooltip=\"Grundst\u00fccksfl\u00e4che ca.\"><i class=\"frymo-icon frymo-icon-grundstuecksflaeche\"><\/i><div class=\"frymo-listing-meta-item-value\">1.080,00 m\u00b2<\/div><\/span><\/div><div class=\"frymo-listing-price\"><span>Purchase Price<\/span> <span class=\"frymo-listing-price-value\">49.900 \u20ac<\/span><\/div><\/div><\/article><article class=\"frymo-listing-item post-id-6051\"><a class=\"frymo-listing-image\" href=\"https:\/\/rd-immokonzept.de\/en\/immobilie\/der-grund-und-boden-fuer-ihr-traumhaus\/\" aria-label=\"Der Grund und Boden f\u00fcr Ihr Traumhaus!\"><div class=\"frymo-listing-badges\"><div class=\"frymo-listing-badge badge-status badge-verfuegbar\">Verf\u00fcgbar<\/div><div class=\"frymo-listing-badge badge-type badge-kauf\">Kauf<\/div><\/div><div class=\"frymo-listing-image-wrapper\"><img decoding=\"async\" width=\"768\" height=\"531\" src=\"https:\/\/rd-immokonzept.de\/wp-content\/uploads\/2024\/12\/d2057903-e186-4c83-9ecf-f7af26ed00a2.jpg\" class=\"attachment-medium_large size-medium_large wp-post-image\" alt=\"1658-31\" srcset=\"https:\/\/rd-immokonzept.de\/wp-content\/uploads\/2024\/12\/d2057903-e186-4c83-9ecf-f7af26ed00a2.jpg 1000w, https:\/\/rd-immokonzept.de\/wp-content\/uploads\/2024\/12\/d2057903-e186-4c83-9ecf-f7af26ed00a2-18x12.jpg 18w\" sizes=\"(max-width: 768px) 100vw, 768px\" title=\"\"><\/div><\/a><div class=\"frymo-listing-content\"><div class=\"frymo-listing-id-wrapper\"><div class=\"frymo-listing-property-id\">ID: 1058<\/div><\/div><h3 class='frymo-listing-title'><a href='https:\/\/rd-immokonzept.de\/en\/immobilie\/der-grund-und-boden-fuer-ihr-traumhaus\/' aria-label='Der Grund und Boden f\u00fcr Ihr Traumhaus!'>Der Grund und Boden f\u00fcr Ihr Traumhaus!<\/a><\/h3><div class=\"frymo-listing-location\"><i class=\"frymo-icon frymo-icon-location-2\"><\/i>07806, Neustadt an der Orla<\/div><div class=\"frymo-listing-meta\"><span class=\"frymo-listing-meta-item frymo-listing-ground_area \" data-frymo-tooltip=\"Grundst\u00fccksfl\u00e4che ca.\"><i class=\"frymo-icon frymo-icon-grundstuecksflaeche\"><\/i><div class=\"frymo-listing-meta-item-value\">837,00 m\u00b2<\/div><\/span><\/div><div class=\"frymo-listing-price\"><span>Purchase Price<\/span> <span class=\"frymo-listing-price-value\">99.900 \u20ac<\/span><\/div><\/div><\/article><\/div>\t\t\t\t<\/div>\n\t\t\t\t<\/div>\n\t\t\t\t\t<\/div>\n\t\t\t\t<\/div>\n\t\t\t\t<\/div>\n\t\t<div class=\"elementor-element elementor-element-3d29f45 e-flex e-con-boxed e-con e-parent\" data-id=\"3d29f45\" data-element_type=\"container\" data-e-type=\"container\">\n\t\t\t\t\t<div class=\"e-con-inner\">\n\t\t\t\t<div class=\"elementor-element elementor-element-06c326a elementor-widget elementor-widget-heading\" data-id=\"06c326a\" data-element_type=\"widget\" data-e-type=\"widget\" data-widget_type=\"heading.default\">\n\t\t\t\t<div class=\"elementor-widget-container\">\n\t\t\t\t\t<h2 class=\"elementor-heading-title elementor-size-default\">Attraktive Grundst\u00fccke in Jena, Weimar und Erfurt \u2013 Ihr Schl\u00fcssel zum Traumprojekt in Th\u00fcringens begehrtesten Lagen<\/h2>\t\t\t\t<\/div>\n\t\t\t\t<\/div>\n\t\t\t\t<div class=\"elementor-element elementor-element-d6171ea elementor-widget elementor-widget-text-editor\" data-id=\"d6171ea\" data-element_type=\"widget\" data-e-type=\"widget\" data-widget_type=\"text-editor.default\">\n\t\t\t\t<div class=\"elementor-widget-container\">\n\t\t\t\t\t\t\t\t\t<p>Entdecken Sie attraktive Grundst\u00fccke in den begehrtesten Lagen von Jena, Weimar und Erfurt. Egal ob f\u00fcr den Bau Ihres Traumhauses, einer Gewerbeimmobilie oder als langfristige Investition \u2013 wir bieten Ihnen eine Vielzahl von Optionen, die Ihren Anforderungen gerecht werden. Unsere Experten unterst\u00fctzen Sie bei der Suche, Bewertung und dem gesamten Kaufprozess, um sicherzustellen, dass Sie das perfekte Grundst\u00fcck finden.<\/p><p>\u00a0<\/p><p>Jena bietet eine dynamische Umgebung mit exzellenten Bildungs- und Forschungseinrichtungen. In Weimar, der Stadt der Kultur und Geschichte, finden Sie charmante Grundst\u00fccke in historischer Umgebung. Erfurt, die Landeshauptstadt, kombiniert modernes Stadtleben mit historischen Vierteln und bietet hervorragende Infrastruktur.<\/p><p>\u00a0<\/p><p>Profitieren Sie von unserer lokalen Marktkenntnis und umfassenden Beratung f\u00fcr Ihr Bauprojekt in Th\u00fcringens beliebtesten St\u00e4dten. Unser Team begleitet Sie durch den gesamten Kaufprozess und stellt sicher, dass alle Ihre Bed\u00fcrfnisse und W\u00fcnsche erf\u00fcllt werden. Vertrauen Sie auf unsere Erfahrung und Expertise, um das ideale Grundst\u00fcck f\u00fcr Ihr Vorhaben zu erwerben.<\/p>\t\t\t\t\t\t\t\t<\/div>\n\t\t\t\t<\/div>\n\t\t\t\t\t<\/div>\n\t\t\t\t<\/div>\n\t\t<div class=\"elementor-element elementor-element-00d0bcd e-con-full e-flex e-con e-parent\" data-id=\"00d0bcd\" data-element_type=\"container\" data-e-type=\"container\" data-settings=\"{&quot;background_background&quot;:&quot;classic&quot;}\">\n\t\t<div class=\"elementor-element elementor-element-845c18c e-con-full d-none-mobile e-flex e-con e-child\" data-id=\"845c18c\" data-element_type=\"container\" data-e-type=\"container\">\n\t\t\t\t<\/div>\n\t\t<div class=\"elementor-element elementor-element-11eed86 e-flex e-con-boxed e-con e-child\" data-id=\"11eed86\" data-element_type=\"container\" data-e-type=\"container\" data-settings=\"{&quot;background_background&quot;:&quot;classic&quot;}\">\n\t\t\t\t\t<div class=\"e-con-inner\">\n\t\t\t\t<div class=\"elementor-element elementor-element-bfad0d3 elementor-widget elementor-widget-heading\" data-id=\"bfad0d3\" data-element_type=\"widget\" data-e-type=\"widget\" data-widget_type=\"heading.default\">\n\t\t\t\t<div class=\"elementor-widget-container\">\n\t\t\t\t\t<h2 class=\"elementor-heading-title elementor-size-default\">Warum Sie mit RD-Immokonzept Grundst\u00fccke kaufen sollten und welche Vorteile Grundst\u00fccke haben<\/h2>\t\t\t\t<\/div>\n\t\t\t\t<\/div>\n\t\t\t\t<div class=\"elementor-element elementor-element-9383e01 elementor-widget elementor-widget-text-editor\" data-id=\"9383e01\" data-element_type=\"widget\" data-e-type=\"widget\" data-widget_type=\"text-editor.default\">\n\t\t\t\t<div class=\"elementor-widget-container\">\n\t\t\t\t\t\t\t\t\t<p>Der Kauf von Grundst\u00fccken \u00fcber RD-Immokonzept bietet zahlreiche Vorteile. Mit unserer langj\u00e4hrigen Erfahrung und umfassenden Marktkenntnis in Th\u00fcringen, insbesondere in Jena, Weimar und Erfurt, gew\u00e4hrleisten wir eine pr\u00e4zise Bewertung und optimale Auswahl der Grundst\u00fccke. Unser engagiertes Team begleitet Sie durch den gesamten Kaufprozess, von der Suche bis zur finalen Abwicklung, und bietet ma\u00dfgeschneiderte Beratung, die auf Ihre individuellen Bed\u00fcrfnisse abgestimmt ist.<\/p><p>\u00a0<\/p><p>Grundst\u00fccke bieten eine hervorragende Investitionsm\u00f6glichkeit und flexible Nutzungsm\u00f6glichkeiten. Sie k\u00f6nnen nach eigenen Vorstellungen bebaut werden, was sie ideal f\u00fcr Wohn-, Gewerbe- oder gemischte Nutzungen macht. Der Besitz eines Grundst\u00fccks bietet langfristige Wertsteigerungspotenziale, insbesondere in wachstumsstarken Regionen wie Jena, Weimar und Erfurt. Zudem bieten Grundst\u00fccke steuerliche Vorteile und erm\u00f6glichen es Ihnen, zuk\u00fcnftige Bauprojekte in Ihrem eigenen Tempo und nach Ihren eigenen Vorstellungen zu realisieren.<\/p>\t\t\t\t\t\t\t\t<\/div>\n\t\t\t\t<\/div>\n\t\t\t\t\t<\/div>\n\t\t\t\t<\/div>\n\t\t\t\t<\/div>\n\t\t\t\t<\/div>\n\t\t","protected":false},"excerpt":{"rendered":"<p>Grundst\u00fcck kaufen in Th\u00fcringen Finden Sie das perfekte Grundst\u00fcck f\u00fcr Ihr Bauvorhaben mit unserer umfassenden Unterst\u00fctzung und regionalen Expertise Aktuelle Grundst\u00fccke zum Kauf &#8211; RD-Immokonzept Zeige 1 bis 5 von 5 ImmobilienStandardsortierungPreis (niedrigste zuerst)Preis (h\u00f6chste zuerst)Zimmer (niedrigste zuerst)Zimmer (h\u00f6chste zuerst)Fl\u00e4che (niedrigste zuerst)Fl\u00e4che (h\u00f6chste zuerst)ID (kleinste zuerst)ID (gr\u00f6\u00dfte zuerst)Datum (\u00e4lteste zuerst)Datum (neueste zuerst) Verf\u00fcgbarKauf ID: 1055 [&hellip;]<\/p>\n","protected":false},"author":5,"featured_media":0,"parent":0,"menu_order":0,"comment_status":"closed","ping_status":"closed","template":"","meta":{"_acf_changed":false,"footnotes":""},"class_list":["post-2185","page","type-page","status-publish","hentry"],"acf":[],"_links":{"self":[{"href":"https:\/\/rd-immokonzept.de\/en\/wp-json\/wp\/v2\/pages\/2185","targetHints":{"allow":["GET"]}}],"collection":[{"href":"https:\/\/rd-immokonzept.de\/en\/wp-json\/wp\/v2\/pages"}],"about":[{"href":"https:\/\/rd-immokonzept.de\/en\/wp-json\/wp\/v2\/types\/page"}],"author":[{"embeddable":true,"href":"https:\/\/rd-immokonzept.de\/en\/wp-json\/wp\/v2\/users\/5"}],"replies":[{"embeddable":true,"href":"https:\/\/rd-immokonzept.de\/en\/wp-json\/wp\/v2\/comments?post=2185"}],"version-history":[{"count":0,"href":"https:\/\/rd-immokonzept.de\/en\/wp-json\/wp\/v2\/pages\/2185\/revisions"}],"wp:attachment":[{"href":"https:\/\/rd-immokonzept.de\/en\/wp-json\/wp\/v2\/media?parent=2185"}],"curies":[{"name":"wp","href":"https:\/\/api.w.org\/{rel}","templated":true}]}}