{"id":2175,"date":"2024-07-26T10:16:38","date_gmt":"2024-07-26T09:16:38","guid":{"rendered":"https:\/\/rd-immokonzept.stark-systems.de\/?page_id=2175"},"modified":"2025-01-30T14:10:33","modified_gmt":"2025-01-30T13:10:33","slug":"gewerbe-und-investment","status":"publish","type":"page","link":"https:\/\/rd-immokonzept.de\/en\/gewerbe-und-investment\/","title":{"rendered":"Gewerbe und Investment"},"content":{"rendered":"\t\t<div data-elementor-type=\"wp-page\" data-elementor-id=\"2175\" class=\"elementor elementor-2175\" data-elementor-post-type=\"page\">\n\t\t\t\t<div class=\"elementor-element elementor-element-4786a3a e-flex e-con-boxed e-con e-parent\" data-id=\"4786a3a\" data-element_type=\"container\" data-e-type=\"container\" data-settings=\"{&quot;background_background&quot;:&quot;classic&quot;}\">\n\t\t\t\t\t<div class=\"e-con-inner\">\n\t\t\t\t\t<\/div>\n\t\t\t\t<\/div>\n\t\t<div class=\"elementor-element elementor-element-9f7c91f e-flex e-con-boxed e-con e-parent\" data-id=\"9f7c91f\" data-element_type=\"container\" data-e-type=\"container\">\n\t\t\t\t\t<div class=\"e-con-inner\">\n\t\t<div class=\"elementor-element elementor-element-743a586 e-con-full e-flex e-con e-child\" data-id=\"743a586\" data-element_type=\"container\" data-e-type=\"container\">\n\t\t\t\t<div class=\"elementor-element elementor-element-29e78b0 elementor-widget elementor-widget-heading\" data-id=\"29e78b0\" data-element_type=\"widget\" data-e-type=\"widget\" data-widget_type=\"heading.default\">\n\t\t\t\t<div class=\"elementor-widget-container\">\n\t\t\t\t\t<h1 class=\"elementor-heading-title elementor-size-default\">Gewerbe und Investition in Th\u00fcringen<\/h1>\t\t\t\t<\/div>\n\t\t\t\t<\/div>\n\t\t\t\t<div class=\"elementor-element elementor-element-a71d81f elementor-widget elementor-widget-text-editor\" data-id=\"a71d81f\" data-element_type=\"widget\" data-e-type=\"widget\" data-widget_type=\"text-editor.default\">\n\t\t\t\t<div class=\"elementor-widget-container\">\n\t\t\t\t\t\t\t\t\t<p>Maximieren Sie Ihre Renditen durch Immobilieninvestitionen.\u00a0<\/p>\t\t\t\t\t\t\t\t<\/div>\n\t\t\t\t<\/div>\n\t\t\t\t<\/div>\n\t\t\t\t\t<\/div>\n\t\t\t\t<\/div>\n\t\t<div class=\"elementor-element elementor-element-45bd902 e-con-full e-flex e-con e-parent\" data-id=\"45bd902\" data-element_type=\"container\" data-e-type=\"container\" data-settings=\"{&quot;background_background&quot;:&quot;classic&quot;}\">\n\t\t<div class=\"elementor-element elementor-element-b742234 e-flex e-con-boxed e-con e-child\" data-id=\"b742234\" data-element_type=\"container\" data-e-type=\"container\">\n\t\t\t\t\t<div class=\"e-con-inner\">\n\t\t\t\t<div class=\"elementor-element elementor-element-5b86bc1 elementor-widget elementor-widget-heading\" data-id=\"5b86bc1\" data-element_type=\"widget\" data-e-type=\"widget\" data-widget_type=\"heading.default\">\n\t\t\t\t<div class=\"elementor-widget-container\">\n\t\t\t\t\t<h2 class=\"elementor-heading-title elementor-size-default\">Aktuelle Investments - RD-Immokonzept<\/h2>\t\t\t\t<\/div>\n\t\t\t\t<\/div>\n\t\t\t\t<div data-frymo-query-id=\"\" data-frymo-widget-settings=\"{&quot;post_id&quot;:2175,&quot;widget_id&quot;:&quot;b583559&quot;,&quot;query_id&quot;:&quot;&quot;,&quot;scrolltop_offset&quot;:100}\" class=\"elementor-element elementor-element-b583559 houses elementor-widget elementor-widget-frymo-listing\" data-id=\"b583559\" data-element_type=\"widget\" data-e-type=\"widget\" data-widget_type=\"frymo-listing.grid-skin\">\n\t\t\t\t<div class=\"elementor-widget-container\">\n\t\t\t\t\t<div class=\"frymo-listing-toolbar\"><div class=\"frymo-results-count\">Showing 1 to 1 of 1 Properties<\/div><div class=\"frymo-order-switcher\"><select class=\"frymo-orderby-select\" autocomplete=\"off\"><option value=\"default\"  >Default Sorting<\/option><option value=\"price_asc\"  >Price (lowest first)<\/option><option value=\"price_desc\"  >Price (highest first)<\/option><option value=\"rooms_asc\"  >Rooms (lowest first)<\/option><option value=\"rooms_desc\"  >Rooms (highest first)<\/option><option value=\"area_asc\"  >Area (lowest first)<\/option><option value=\"area_desc\"  >Area (highest first)<\/option><option value=\"id_asc\"  >External ID (smallest first)<\/option><option value=\"id_desc\"  >External ID (largest first)<\/option><option value=\"id_internal_asc\"  >Internal ID (smallest first)<\/option><option value=\"id_internal_desc\"  >Internal ID (largest first)<\/option><option value=\"date_asc\"  >Published Date (oldest first)<\/option><option value=\"date_desc\"  selected='selected' >Published Date (newest first)<\/option><\/select><\/div><\/div><div class=\"frymo-listing frymo-listing-grid-skin \" data-settings=\"{&quot;post_id&quot;:2175,&quot;widget_id&quot;:&quot;b583559&quot;,&quot;query_id&quot;:&quot;&quot;,&quot;scrolltop_offset&quot;:100}\"><script type=\"application\/ld+json\">{\"@context\":\"https:\/\/schema.org\",\"@type\":\"ItemList\",\"itemListElement\":[{\"@type\":\"ListItem\",\"position\":1,\"name\":\"G\u00fcnstige Gewerbeeinheit mit Potenzial in guter Lage von Bad K\u00f6stritz\",\"url\":\"https:\/\/rd-immokonzept.de\/en\/immobilie\/guenstige-gewerbeeinheit-mit-potenzial-in-guter-lage-von-bad-koestritz\/\"}]}<\/script><article class=\"frymo-listing-item post-id-10633\"><a class=\"frymo-listing-image\" href=\"https:\/\/rd-immokonzept.de\/en\/immobilie\/guenstige-gewerbeeinheit-mit-potenzial-in-guter-lage-von-bad-koestritz\/\" aria-label=\"G\u00fcnstige Gewerbeeinheit mit Potenzial in guter Lage von Bad K\u00f6stritz\"><div class=\"frymo-listing-badges\"><div class=\"frymo-listing-badge badge-status badge-verfuegbar\">Verf\u00fcgbar<\/div><div class=\"frymo-listing-badge badge-type badge-kauf\">Kauf<\/div><\/div><div class=\"frymo-listing-image-wrapper\"><img decoding=\"async\" width=\"768\" height=\"580\" src=\"https:\/\/rd-immokonzept.de\/wp-content\/uploads\/2026\/01\/76667.jpg\" class=\"attachment-medium_large size-medium_large wp-post-image\" alt=\"Au\u00dfenansicht\" srcset=\"https:\/\/rd-immokonzept.de\/wp-content\/uploads\/2026\/01\/76667.jpg 1000w, https:\/\/rd-immokonzept.de\/wp-content\/uploads\/2026\/01\/76667-16x12.jpg 16w\" sizes=\"(max-width: 768px) 100vw, 768px\" title=\"\"><\/div><\/a><div class=\"frymo-listing-content\"><div class=\"frymo-listing-id-wrapper\"><div class=\"frymo-listing-property-id\">ID: 1138<\/div><\/div><h3 class='frymo-listing-title'><a href='https:\/\/rd-immokonzept.de\/en\/immobilie\/guenstige-gewerbeeinheit-mit-potenzial-in-guter-lage-von-bad-koestritz\/' aria-label='G\u00fcnstige Gewerbeeinheit mit Potenzial in guter Lage von Bad K\u00f6stritz'>G\u00fcnstige Gewerbeeinheit mit Potenzial in guter Lage von Bad K\u00f6stritz<\/a><\/h3><div class=\"frymo-listing-location\"><i class=\"frymo-icon frymo-icon-location-2\"><\/i>07586, Bad K\u00f6stritz<\/div><div class=\"frymo-listing-meta\"><span class=\"frymo-listing-meta-item frymo-listing-total_area \" data-frymo-tooltip=\"Gesamtfl\u00e4che ca.\"><i class=\"frymo-icon frymo-icon-gesamtflaeche\"><\/i><div class=\"frymo-listing-meta-item-value\">81,04 m\u00b2<\/div><\/span><\/div><div class=\"frymo-listing-price\"><span>Purchase Price<\/span> <span class=\"frymo-listing-price-value\">39.000 \u20ac<\/span><\/div><\/div><\/article><\/div>\t\t\t\t<\/div>\n\t\t\t\t<\/div>\n\t\t\t\t\t<\/div>\n\t\t\t\t<\/div>\n\t\t\t\t<\/div>\n\t\t<div class=\"elementor-element elementor-element-3d29f45 e-flex e-con-boxed e-con e-parent\" data-id=\"3d29f45\" data-element_type=\"container\" data-e-type=\"container\">\n\t\t\t\t\t<div class=\"e-con-inner\">\n\t\t\t\t<div class=\"elementor-element elementor-element-06c326a elementor-widget elementor-widget-heading\" data-id=\"06c326a\" data-element_type=\"widget\" data-e-type=\"widget\" data-widget_type=\"heading.default\">\n\t\t\t\t<div class=\"elementor-widget-container\">\n\t\t\t\t\t<h2 class=\"elementor-heading-title elementor-size-default\">Immobilien als Kapitalanlage mit RD-Immokonzept<\/h2>\t\t\t\t<\/div>\n\t\t\t\t<\/div>\n\t\t\t\t<div class=\"elementor-element elementor-element-d6171ea elementor-widget elementor-widget-text-editor\" data-id=\"d6171ea\" data-element_type=\"widget\" data-e-type=\"widget\" data-widget_type=\"text-editor.default\">\n\t\t\t\t<div class=\"elementor-widget-container\">\n\t\t\t\t\t\t\t\t\tDas traditionelle Sparbuch bietet in Zeiten von Nullzinsen kaum Renditen. Sparer und Investoren m\u00fcssen sich nach alternativen Anlagem\u00f6glichkeiten umsehen. Immobilien sind dabei eine attraktive Option. Wichtige Kriterien bei der Immobilienanlage sind Risikoverteilung, Investitionsvolumen, Kapitalbindung, Kosten und Aufwand. Besonders Einfamilienh\u00e4user, Mehrfamilienh\u00e4user und Gewerbeimmobilien bieten durch Mieteinnahmen einen stetigen Cashflow. Angesichts steigender Immobilienpreise, besonders in attraktiven Regionen, ist jetzt der richtige Zeitpunkt f\u00fcr ein Investment. Lassen Sie sich von unseren Experten beraten und profitieren Sie von unserer Erfahrung im Immobiliensektor.\t\t\t\t\t\t\t\t<\/div>\n\t\t\t\t<\/div>\n\t\t\t\t\t<\/div>\n\t\t\t\t<\/div>\n\t\t<div class=\"elementor-element elementor-element-00d0bcd e-con-full e-flex e-con e-parent\" data-id=\"00d0bcd\" data-element_type=\"container\" data-e-type=\"container\" data-settings=\"{&quot;background_background&quot;:&quot;classic&quot;}\">\n\t\t<div class=\"elementor-element elementor-element-845c18c e-con-full d-none-mobile e-flex e-con e-child\" data-id=\"845c18c\" data-element_type=\"container\" data-e-type=\"container\">\n\t\t\t\t<\/div>\n\t\t<div class=\"elementor-element elementor-element-11eed86 e-flex e-con-boxed e-con e-child\" data-id=\"11eed86\" data-element_type=\"container\" data-e-type=\"container\" data-settings=\"{&quot;background_background&quot;:&quot;classic&quot;}\">\n\t\t\t\t\t<div class=\"e-con-inner\">\n\t\t\t\t<div class=\"elementor-element elementor-element-bfad0d3 break-text elementor-widget elementor-widget-heading\" data-id=\"bfad0d3\" data-element_type=\"widget\" data-e-type=\"widget\" data-widget_type=\"heading.default\">\n\t\t\t\t<div class=\"elementor-widget-container\">\n\t\t\t\t\t<h2 class=\"elementor-heading-title elementor-size-default\">Optimieren Sie Ihre Renditen mit unserer Gewerbeimmobilienberatung<\/h2>\t\t\t\t<\/div>\n\t\t\t\t<\/div>\n\t\t\t\t<div class=\"elementor-element elementor-element-9383e01 elementor-widget elementor-widget-text-editor\" data-id=\"9383e01\" data-element_type=\"widget\" data-e-type=\"widget\" data-widget_type=\"text-editor.default\">\n\t\t\t\t<div class=\"elementor-widget-container\">\n\t\t\t\t\t\t\t\t\t<p>Neben einer qualifizierten Immobilienberatung bieten wir Ihnen umfassenden Service bis hin zur kostenlosen Werteinsch\u00e4tzung Ihrer Gewerbeimmobilie.<\/p><p>\u00a0<\/p><p>Egal ob Sie als Investor oder Gewerbetreibender agieren \u2013 unser breites Leistungsspektrum umfasst die Preiseinsch\u00e4tzung und Vermittlung von Gewerbegrundst\u00fccken, Gewerbeparks, B\u00fcrogeb\u00e4uden und Produktionsst\u00e4tten. Unsere Expertise erstreckt sich auch auf denkmalgesch\u00fctzte Gewerbeimmobilien mit steuerlichen Abschreibungsm\u00f6glichkeiten. Unser Engagement endet nicht mit dem Notartermin, sondern erst, wenn der K\u00e4ufer oder Mieter vollst\u00e4ndig zufrieden ist und alle Transaktionen erfolgreich abgeschlossen sind. Vertrauen Sie auf unsere Erfahrung und Marktkenntnis f\u00fcr Ihr Immobilieninvestment.<\/p>\t\t\t\t\t\t\t\t<\/div>\n\t\t\t\t<\/div>\n\t\t\t\t\t<\/div>\n\t\t\t\t<\/div>\n\t\t\t\t<\/div>\n\t\t\t\t<\/div>\n\t\t","protected":false},"excerpt":{"rendered":"<p>Gewerbe und Investition in Th\u00fcringen Maximieren Sie Ihre Renditen durch Immobilieninvestitionen.\u00a0 Aktuelle Investments &#8211; RD-Immokonzept Zeige 1 bis 8 von 8 ImmobilienStandardsortierungPreis (niedrigste zuerst)Preis (h\u00f6chste zuerst)Zimmer (niedrigste zuerst)Zimmer (h\u00f6chste zuerst)Fl\u00e4che (niedrigste zuerst)Fl\u00e4che (h\u00f6chste zuerst)ID (kleinste zuerst)ID (gr\u00f6\u00dfte zuerst)Datum (\u00e4lteste zuerst)Datum (neueste zuerst) Verf\u00fcgbarKauf ID: 978 Firmengeb\u00e4ude mit Lager und B\u00fcrofl\u00e4chen 07778, Dorndorf-Steudnitz \/ Dorndorf2.840 m\u00b2858 [&hellip;]<\/p>\n","protected":false},"author":5,"featured_media":0,"parent":0,"menu_order":0,"comment_status":"closed","ping_status":"closed","template":"","meta":{"_acf_changed":false,"footnotes":""},"class_list":["post-2175","page","type-page","status-publish","hentry"],"acf":[],"_links":{"self":[{"href":"https:\/\/rd-immokonzept.de\/en\/wp-json\/wp\/v2\/pages\/2175","targetHints":{"allow":["GET"]}}],"collection":[{"href":"https:\/\/rd-immokonzept.de\/en\/wp-json\/wp\/v2\/pages"}],"about":[{"href":"https:\/\/rd-immokonzept.de\/en\/wp-json\/wp\/v2\/types\/page"}],"author":[{"embeddable":true,"href":"https:\/\/rd-immokonzept.de\/en\/wp-json\/wp\/v2\/users\/5"}],"replies":[{"embeddable":true,"href":"https:\/\/rd-immokonzept.de\/en\/wp-json\/wp\/v2\/comments?post=2175"}],"version-history":[{"count":0,"href":"https:\/\/rd-immokonzept.de\/en\/wp-json\/wp\/v2\/pages\/2175\/revisions"}],"wp:attachment":[{"href":"https:\/\/rd-immokonzept.de\/en\/wp-json\/wp\/v2\/media?parent=2175"}],"curies":[{"name":"wp","href":"https:\/\/api.w.org\/{rel}","templated":true}]}}