{"id":1102,"date":"2024-01-25T11:20:21","date_gmt":"2024-01-25T10:20:21","guid":{"rendered":"https:\/\/design1.frymo.de\/?page_id=1102"},"modified":"2025-05-21T17:56:32","modified_gmt":"2025-05-21T16:56:32","slug":"referenzen","status":"publish","type":"page","link":"https:\/\/rd-immokonzept.de\/en\/referenzen\/","title":{"rendered":"References"},"content":{"rendered":"\t\t<div data-elementor-type=\"wp-page\" data-elementor-id=\"1102\" class=\"elementor elementor-1102\" data-elementor-post-type=\"page\">\n\t\t\t\t<div class=\"elementor-element elementor-element-31fe446 e-flex e-con-boxed e-con e-parent\" data-id=\"31fe446\" data-element_type=\"container\" data-e-type=\"container\" data-settings=\"{&quot;background_background&quot;:&quot;classic&quot;}\">\n\t\t\t\t\t<div class=\"e-con-inner\">\n\t\t\t\t\t<\/div>\n\t\t\t\t<\/div>\n\t\t<div class=\"elementor-element elementor-element-a407aab e-flex e-con-boxed e-con e-parent\" data-id=\"a407aab\" data-element_type=\"container\" data-e-type=\"container\">\n\t\t\t\t\t<div class=\"e-con-inner\">\n\t\t<div class=\"elementor-element elementor-element-1a33bd0 e-con-full e-flex e-con e-child\" data-id=\"1a33bd0\" data-element_type=\"container\" data-e-type=\"container\">\n\t\t\t\t<div class=\"elementor-element elementor-element-3660bc3 elementor-widget elementor-widget-heading\" data-id=\"3660bc3\" data-element_type=\"widget\" data-e-type=\"widget\" data-widget_type=\"heading.default\">\n\t\t\t\t<div class=\"elementor-widget-container\">\n\t\t\t\t\t<h1 class=\"elementor-heading-title elementor-size-default\">Unsere Referenzen<\/h1>\t\t\t\t<\/div>\n\t\t\t\t<\/div>\n\t\t\t\t<div class=\"elementor-element elementor-element-6fd9768 elementor-widget elementor-widget-text-editor\" data-id=\"6fd9768\" data-element_type=\"widget\" data-e-type=\"widget\" data-widget_type=\"text-editor.default\">\n\t\t\t\t<div class=\"elementor-widget-container\">\n\t\t\t\t\t\t\t\t\t<p>Erfolgreich vermittelte Objekte<\/p>\t\t\t\t\t\t\t\t<\/div>\n\t\t\t\t<\/div>\n\t\t\t\t<\/div>\n\t\t\t\t\t<\/div>\n\t\t\t\t<\/div>\n\t\t<div class=\"elementor-element elementor-element-c2931a4 e-flex e-con-boxed e-con e-parent\" data-id=\"c2931a4\" data-element_type=\"container\" data-e-type=\"container\">\n\t\t\t\t\t<div class=\"e-con-inner\">\n\t\t<div class=\"elementor-element elementor-element-fbbdbfb e-con-full e-flex e-con e-child\" data-id=\"fbbdbfb\" data-element_type=\"container\" data-e-type=\"container\">\n\t\t\t\t<div data-frymo-query-id=\"8281\" data-frymo-widget-settings=\"{&quot;post_id&quot;:1102,&quot;widget_id&quot;:&quot;b583559&quot;,&quot;query_id&quot;:&quot;8281&quot;}\" class=\"elementor-element elementor-element-b583559 elementor-widget elementor-widget-frymo-listing\" data-id=\"b583559\" data-element_type=\"widget\" data-e-type=\"widget\" data-widget_type=\"frymo-listing.grid-skin\">\n\t\t\t\t<div class=\"elementor-widget-container\">\n\t\t\t\t\t<div class=\"frymo-listing-toolbar\"><div class=\"frymo-results-count\">Showing 1 to 7 of 7 Properties<\/div><div class=\"frymo-order-switcher\"><select class=\"frymo-orderby-select\" autocomplete=\"off\"><option value=\"default\"  selected='selected' >Default Sorting<\/option><option value=\"date_desc\"  >Published Date DESC<\/option><\/select><\/div><\/div><div class=\"frymo-listing frymo-listing-grid-skin \" data-settings=\"{&quot;post_id&quot;:1102,&quot;widget_id&quot;:&quot;b583559&quot;,&quot;query_id&quot;:&quot;8281&quot;}\"><script type=\"application\/ld+json\">{\"@context\":\"https:\/\/schema.org\",\"@type\":\"ItemList\",\"itemListElement\":[{\"@type\":\"ListItem\",\"position\":1,\"name\":\"Bauernhaus in ruhiger zentraler Lage von Hermsdorf\",\"url\":\"https:\/\/rd-immokonzept.de\/en\/immobilie\/bauernhaus-in-ruhiger-zentraler-lage-von-hermsdorf\/\"},{\"@type\":\"ListItem\",\"position\":2,\"name\":\"Sch\u00f6nes Einfamilienhaus mit tollem Garten\",\"url\":\"https:\/\/rd-immokonzept.de\/en\/immobilie\/schoenes-einfamilienhaus-mit-tollem-garten\/\"},{\"@type\":\"ListItem\",\"position\":3,\"name\":\"MFH als Kapitalanlage\",\"url\":\"https:\/\/rd-immokonzept.de\/en\/immobilie\/mfh-als-kapitalanlage\/\"},{\"@type\":\"ListItem\",\"position\":4,\"name\":\"fertiges EFH mit Solaranlage, L\u00fcftung mit W\u00e4rmer\u00fcckgewinnung, 2 Terrassen, Zisterne zum Festpreis\",\"url\":\"https:\/\/rd-immokonzept.de\/en\/immobilie\/fertiges-efh-mit-solaranlage-lueftung-mit-waermerueckgewinnung-2-terrassen-zisterne-zum-festpreis\/\"},{\"@type\":\"ListItem\",\"position\":5,\"name\":\"Einfamilienhaus mit gro\u00dfem Grundst\u00fcck\",\"url\":\"https:\/\/rd-immokonzept.de\/en\/immobilie\/einfamilienhaus-mit-grossem-grundstueck\/\"},{\"@type\":\"ListItem\",\"position\":6,\"name\":\"Einfamilienhaus am Stadtrand\",\"url\":\"https:\/\/rd-immokonzept.de\/en\/immobilie\/einfamilienhaus-am-stadtrand\/\"},{\"@type\":\"ListItem\",\"position\":7,\"name\":\"Ihr neues Eigenheim in toller Lage von Jena\",\"url\":\"https:\/\/rd-immokonzept.de\/en\/immobilie\/ihr-neues-eigenheim-in-toller-lage-von-jena\/\"}]}<\/script><article class=\"frymo-listing-item post-id-10847\"><div class=\"frymo-listing-image\"><div class=\"frymo-listing-badges\"><\/div><div class=\"frymo-listing-image-wrapper\"><img decoding=\"async\" width=\"768\" height=\"581\" src=\"https:\/\/rd-immokonzept.de\/wp-content\/uploads\/2026\/02\/b975b658-f1d5-4e9c-be54-5ffc83f55f9d.jpg\" class=\"attachment-medium_large size-medium_large wp-post-image\" alt=\"Garten\" srcset=\"https:\/\/rd-immokonzept.de\/wp-content\/uploads\/2026\/02\/b975b658-f1d5-4e9c-be54-5ffc83f55f9d.jpg 1000w, https:\/\/rd-immokonzept.de\/wp-content\/uploads\/2026\/02\/b975b658-f1d5-4e9c-be54-5ffc83f55f9d-16x12.jpg 16w\" sizes=\"(max-width: 768px) 100vw, 768px\" title=\"\"><\/div><\/div><div class=\"frymo-listing-content\"><h3 class='frymo-listing-title'>Einfamilienhaus<\/h3><div class=\"frymo-listing-location\"><i class=\"frymo-icon frymo-icon-location-2\"><\/i>07629, Hermsdorf<\/div><div class=\"frymo-listing-meta\"><span class=\"frymo-listing-meta-item frymo-listing-area \" data-frymo-tooltip=\"Wohnfl\u00e4che ca.\"><i class=\"frymo-icon frymo-icon-flaeche\"><\/i><div class=\"frymo-listing-meta-item-value\">195,00 m\u00b2<\/div><\/span><span class=\"frymo-listing-meta-item frymo-listing-bedrooms \" data-frymo-tooltip=\"Schlafzimmer\"><i class=\"frymo-icon frymo-icon-betten\"><\/i><div class=\"frymo-listing-meta-item-value\">3<\/div><\/span><span class=\"frymo-listing-meta-item frymo-listing-rooms \" data-frymo-tooltip=\"Zimmer\"><i class=\"frymo-icon frymo-icon-raum\"><\/i><div class=\"frymo-listing-meta-item-value\">5<\/div><\/span><span class=\"frymo-listing-meta-item frymo-listing-bathrooms \" data-frymo-tooltip=\"Badezimmer\"><i class=\"frymo-icon frymo-icon-bad\"><\/i><div class=\"frymo-listing-meta-item-value\">1<\/div><\/span><span class=\"frymo-listing-meta-item frymo-listing-ground_area \" data-frymo-tooltip=\"Grundst\u00fccksfl\u00e4che ca.\"><i class=\"frymo-icon frymo-icon-grundstuecksflaeche\"><\/i><div class=\"frymo-listing-meta-item-value\">1.601,00 m\u00b2<\/div><\/span><\/div><\/div><\/article><article class=\"frymo-listing-item post-id-10832\"><div class=\"frymo-listing-image\"><div class=\"frymo-listing-badges\"><\/div><div class=\"frymo-listing-image-wrapper\"><img decoding=\"async\" width=\"768\" height=\"581\" src=\"https:\/\/rd-immokonzept.de\/wp-content\/uploads\/2026\/02\/d0d71874-7481-4242-8170-c784e0e29959.jpg\" class=\"attachment-medium_large size-medium_large wp-post-image\" alt=\"Front\" srcset=\"https:\/\/rd-immokonzept.de\/wp-content\/uploads\/2026\/02\/d0d71874-7481-4242-8170-c784e0e29959.jpg 1000w, https:\/\/rd-immokonzept.de\/wp-content\/uploads\/2026\/02\/d0d71874-7481-4242-8170-c784e0e29959-16x12.jpg 16w\" sizes=\"(max-width: 768px) 100vw, 768px\" title=\"\"><\/div><\/div><div class=\"frymo-listing-content\"><h3 class='frymo-listing-title'>Einfamilienhaus<\/h3><div class=\"frymo-listing-location\"><i class=\"frymo-icon frymo-icon-location-2\"><\/i>07570, Harth-P\u00f6llnitz<\/div><div class=\"frymo-listing-meta\"><span class=\"frymo-listing-meta-item frymo-listing-area \" data-frymo-tooltip=\"Wohnfl\u00e4che ca.\"><i class=\"frymo-icon frymo-icon-flaeche\"><\/i><div class=\"frymo-listing-meta-item-value\">135,00 m\u00b2<\/div><\/span><span class=\"frymo-listing-meta-item frymo-listing-bedrooms \" data-frymo-tooltip=\"Schlafzimmer\"><i class=\"frymo-icon frymo-icon-betten\"><\/i><div class=\"frymo-listing-meta-item-value\">3<\/div><\/span><span class=\"frymo-listing-meta-item frymo-listing-rooms \" data-frymo-tooltip=\"Zimmer\"><i class=\"frymo-icon frymo-icon-raum\"><\/i><div class=\"frymo-listing-meta-item-value\">5<\/div><\/span><span class=\"frymo-listing-meta-item frymo-listing-bathrooms \" data-frymo-tooltip=\"Badezimmer\"><i class=\"frymo-icon frymo-icon-bad\"><\/i><div class=\"frymo-listing-meta-item-value\">2<\/div><\/span><span class=\"frymo-listing-meta-item frymo-listing-ground_area \" data-frymo-tooltip=\"Grundst\u00fccksfl\u00e4che ca.\"><i class=\"frymo-icon frymo-icon-grundstuecksflaeche\"><\/i><div class=\"frymo-listing-meta-item-value\">645,00 m\u00b2<\/div><\/span><\/div><\/div><\/article><article class=\"frymo-listing-item post-id-10782\"><div class=\"frymo-listing-image\"><div class=\"frymo-listing-badges\"><\/div><div class=\"frymo-listing-image-wrapper\"><img decoding=\"async\" width=\"768\" height=\"581\" src=\"https:\/\/rd-immokonzept.de\/wp-content\/uploads\/2026\/02\/aa72756a-5482-4034-8f85-17782d14624f.jpg\" class=\"attachment-medium_large size-medium_large wp-post-image\" alt=\"Stra\u00dfenansicht\" srcset=\"https:\/\/rd-immokonzept.de\/wp-content\/uploads\/2026\/02\/aa72756a-5482-4034-8f85-17782d14624f.jpg 1000w, https:\/\/rd-immokonzept.de\/wp-content\/uploads\/2026\/02\/aa72756a-5482-4034-8f85-17782d14624f-16x12.jpg 16w\" sizes=\"(max-width: 768px) 100vw, 768px\" title=\"\"><\/div><\/div><div class=\"frymo-listing-content\"><h3 class='frymo-listing-title'>Haus<\/h3><div class=\"frymo-listing-location\"><i class=\"frymo-icon frymo-icon-location-2\"><\/i>07381, P\u00f6\u00dfneck \/ \u00d6pitz<\/div><div class=\"frymo-listing-meta\"><span class=\"frymo-listing-meta-item frymo-listing-area \" data-frymo-tooltip=\"Wohnfl\u00e4che ca.\"><i class=\"frymo-icon frymo-icon-flaeche\"><\/i><div class=\"frymo-listing-meta-item-value\">215,00 m\u00b2<\/div><\/span><span class=\"frymo-listing-meta-item frymo-listing-bedrooms \" data-frymo-tooltip=\"Schlafzimmer\"><i class=\"frymo-icon frymo-icon-betten\"><\/i><div class=\"frymo-listing-meta-item-value\">3<\/div><\/span><span class=\"frymo-listing-meta-item frymo-listing-rooms \" data-frymo-tooltip=\"Zimmer\"><i class=\"frymo-icon frymo-icon-raum\"><\/i><div class=\"frymo-listing-meta-item-value\">11<\/div><\/span><span class=\"frymo-listing-meta-item frymo-listing-bathrooms \" data-frymo-tooltip=\"Badezimmer\"><i class=\"frymo-icon frymo-icon-bad\"><\/i><div class=\"frymo-listing-meta-item-value\">3<\/div><\/span><span class=\"frymo-listing-meta-item frymo-listing-ground_area \" data-frymo-tooltip=\"Grundst\u00fccksfl\u00e4che ca.\"><i class=\"frymo-icon frymo-icon-grundstuecksflaeche\"><\/i><div class=\"frymo-listing-meta-item-value\">967,00 m\u00b2<\/div><\/span><\/div><\/div><\/article><article class=\"frymo-listing-item post-id-10781\"><div class=\"frymo-listing-image\"><div class=\"frymo-listing-badges\"><\/div><div class=\"frymo-listing-image-wrapper\"><img decoding=\"async\" width=\"768\" height=\"581\" src=\"https:\/\/rd-immokonzept.de\/wp-content\/uploads\/2026\/02\/71367.jpg\" class=\"attachment-medium_large size-medium_large wp-post-image\" alt=\"Ansicht Eingangsseite\" srcset=\"https:\/\/rd-immokonzept.de\/wp-content\/uploads\/2026\/02\/71367.jpg 1000w, https:\/\/rd-immokonzept.de\/wp-content\/uploads\/2026\/02\/71367-16x12.jpg 16w\" sizes=\"(max-width: 768px) 100vw, 768px\" title=\"\"><\/div><\/div><div class=\"frymo-listing-content\"><h3 class='frymo-listing-title'>Einfamilienhaus<\/h3><div class=\"frymo-listing-location\"><i class=\"frymo-icon frymo-icon-location-2\"><\/i>07381, P\u00f6\u00dfneck<\/div><div class=\"frymo-listing-meta\"><span class=\"frymo-listing-meta-item frymo-listing-area \" data-frymo-tooltip=\"Wohnfl\u00e4che ca.\"><i class=\"frymo-icon frymo-icon-flaeche\"><\/i><div class=\"frymo-listing-meta-item-value\">147,00 m\u00b2<\/div><\/span><span class=\"frymo-listing-meta-item frymo-listing-bedrooms \" data-frymo-tooltip=\"Schlafzimmer\"><i class=\"frymo-icon frymo-icon-betten\"><\/i><div class=\"frymo-listing-meta-item-value\">4<\/div><\/span><span class=\"frymo-listing-meta-item frymo-listing-rooms \" data-frymo-tooltip=\"Zimmer\"><i class=\"frymo-icon frymo-icon-raum\"><\/i><div class=\"frymo-listing-meta-item-value\">6<\/div><\/span><span class=\"frymo-listing-meta-item frymo-listing-bathrooms \" data-frymo-tooltip=\"Badezimmer\"><i class=\"frymo-icon frymo-icon-bad\"><\/i><div class=\"frymo-listing-meta-item-value\">1<\/div><\/span><span class=\"frymo-listing-meta-item frymo-listing-ground_area \" data-frymo-tooltip=\"Grundst\u00fccksfl\u00e4che ca.\"><i class=\"frymo-icon frymo-icon-grundstuecksflaeche\"><\/i><div class=\"frymo-listing-meta-item-value\">559,00 m\u00b2<\/div><\/span><\/div><\/div><\/article><article class=\"frymo-listing-item post-id-10746\"><div class=\"frymo-listing-image\"><div class=\"frymo-listing-badges\"><\/div><div class=\"frymo-listing-image-wrapper\"><img decoding=\"async\" width=\"768\" height=\"581\" src=\"https:\/\/rd-immokonzept.de\/wp-content\/uploads\/2026\/02\/d480ef23-ac68-468e-b2c9-47808882304b.jpg\" class=\"attachment-medium_large size-medium_large wp-post-image\" alt=\"Ansicht\" srcset=\"https:\/\/rd-immokonzept.de\/wp-content\/uploads\/2026\/02\/d480ef23-ac68-468e-b2c9-47808882304b.jpg 1000w, https:\/\/rd-immokonzept.de\/wp-content\/uploads\/2026\/02\/d480ef23-ac68-468e-b2c9-47808882304b-16x12.jpg 16w\" sizes=\"(max-width: 768px) 100vw, 768px\" title=\"\"><\/div><\/div><div class=\"frymo-listing-content\"><h3 class='frymo-listing-title'>Einfamilienhaus<\/h3><div class=\"frymo-listing-location\"><i class=\"frymo-icon frymo-icon-location-2\"><\/i>07629, Hermsdorf<\/div><div class=\"frymo-listing-meta\"><span class=\"frymo-listing-meta-item frymo-listing-area \" data-frymo-tooltip=\"Wohnfl\u00e4che ca.\"><i class=\"frymo-icon frymo-icon-flaeche\"><\/i><div class=\"frymo-listing-meta-item-value\">110,00 m\u00b2<\/div><\/span><span class=\"frymo-listing-meta-item frymo-listing-bedrooms \" data-frymo-tooltip=\"Schlafzimmer\"><i class=\"frymo-icon frymo-icon-betten\"><\/i><div class=\"frymo-listing-meta-item-value\">2<\/div><\/span><span class=\"frymo-listing-meta-item frymo-listing-bathrooms \" data-frymo-tooltip=\"Badezimmer\"><i class=\"frymo-icon frymo-icon-bad\"><\/i><div class=\"frymo-listing-meta-item-value\">1<\/div><\/span><span class=\"frymo-listing-meta-item frymo-listing-ground_area \" data-frymo-tooltip=\"Grundst\u00fccksfl\u00e4che ca.\"><i class=\"frymo-icon frymo-icon-grundstuecksflaeche\"><\/i><div class=\"frymo-listing-meta-item-value\">6.495,00 m\u00b2<\/div><\/span><\/div><\/div><\/article><article class=\"frymo-listing-item post-id-9409\"><div class=\"frymo-listing-image\"><div class=\"frymo-listing-badges\"><\/div><div class=\"frymo-listing-image-wrapper\"><img decoding=\"async\" width=\"768\" height=\"581\" src=\"https:\/\/rd-immokonzept.de\/wp-content\/uploads\/2025\/09\/6572cbeb-8691-4d65-9589-c289193c0337.jpg\" class=\"attachment-medium_large size-medium_large wp-post-image\" alt=\"Au\u00dfenansicht\" srcset=\"https:\/\/rd-immokonzept.de\/wp-content\/uploads\/2025\/09\/6572cbeb-8691-4d65-9589-c289193c0337.jpg 1000w, https:\/\/rd-immokonzept.de\/wp-content\/uploads\/2025\/09\/6572cbeb-8691-4d65-9589-c289193c0337-16x12.jpg 16w\" sizes=\"(max-width: 768px) 100vw, 768px\" title=\"\"><\/div><\/div><div class=\"frymo-listing-content\"><h3 class='frymo-listing-title'>Einfamilienhaus<\/h3><div class=\"frymo-listing-location\"><i class=\"frymo-icon frymo-icon-location-2\"><\/i>07806, Neustadt an der Orla \/ Molbitz<\/div><div class=\"frymo-listing-meta\"><span class=\"frymo-listing-meta-item frymo-listing-area \" data-frymo-tooltip=\"Wohnfl\u00e4che ca.\"><i class=\"frymo-icon frymo-icon-flaeche\"><\/i><div class=\"frymo-listing-meta-item-value\">120,00 m\u00b2<\/div><\/span><span class=\"frymo-listing-meta-item frymo-listing-rooms \" data-frymo-tooltip=\"Zimmer\"><i class=\"frymo-icon frymo-icon-raum\"><\/i><div class=\"frymo-listing-meta-item-value\">6<\/div><\/span><span class=\"frymo-listing-meta-item frymo-listing-bathrooms \" data-frymo-tooltip=\"Badezimmer\"><i class=\"frymo-icon frymo-icon-bad\"><\/i><div class=\"frymo-listing-meta-item-value\">2<\/div><\/span><span class=\"frymo-listing-meta-item frymo-listing-ground_area \" data-frymo-tooltip=\"Grundst\u00fccksfl\u00e4che ca.\"><i class=\"frymo-icon frymo-icon-grundstuecksflaeche\"><\/i><div class=\"frymo-listing-meta-item-value\">554,00 m\u00b2<\/div><\/span><\/div><\/div><\/article><article class=\"frymo-listing-item post-id-6759\"><div class=\"frymo-listing-image\"><div class=\"frymo-listing-badges\"><\/div><div class=\"frymo-listing-image-wrapper\"><img decoding=\"async\" width=\"768\" height=\"442\" src=\"https:\/\/rd-immokonzept.de\/wp-content\/uploads\/2025\/02\/184ff90a-0eee-412e-9bfa-3dca1ba02408.jpg\" class=\"attachment-medium_large size-medium_large wp-post-image\" alt=\"Luftbild\" srcset=\"https:\/\/rd-immokonzept.de\/wp-content\/uploads\/2025\/02\/184ff90a-0eee-412e-9bfa-3dca1ba02408.jpg 1000w, https:\/\/rd-immokonzept.de\/wp-content\/uploads\/2025\/02\/184ff90a-0eee-412e-9bfa-3dca1ba02408-18x10.jpg 18w\" sizes=\"(max-width: 768px) 100vw, 768px\" title=\"\"><\/div><\/div><div class=\"frymo-listing-content\"><h3 class='frymo-listing-title'>Einfamilienhaus<\/h3><div class=\"frymo-listing-location\"><i class=\"frymo-icon frymo-icon-location-2\"><\/i>07749, Jena<\/div><div class=\"frymo-listing-meta\"><span class=\"frymo-listing-meta-item frymo-listing-area \" data-frymo-tooltip=\"Wohnfl\u00e4che ca.\"><i class=\"frymo-icon frymo-icon-flaeche\"><\/i><div class=\"frymo-listing-meta-item-value\">110,00 m\u00b2<\/div><\/span><span class=\"frymo-listing-meta-item frymo-listing-bedrooms \" data-frymo-tooltip=\"Schlafzimmer\"><i class=\"frymo-icon frymo-icon-betten\"><\/i><div class=\"frymo-listing-meta-item-value\">3<\/div><\/span><span class=\"frymo-listing-meta-item frymo-listing-rooms \" data-frymo-tooltip=\"Zimmer\"><i class=\"frymo-icon frymo-icon-raum\"><\/i><div class=\"frymo-listing-meta-item-value\">7<\/div><\/span><span class=\"frymo-listing-meta-item frymo-listing-bathrooms \" data-frymo-tooltip=\"Badezimmer\"><i class=\"frymo-icon frymo-icon-bad\"><\/i><div class=\"frymo-listing-meta-item-value\">1<\/div><\/span><span class=\"frymo-listing-meta-item frymo-listing-ground_area \" data-frymo-tooltip=\"Grundst\u00fccksfl\u00e4che ca.\"><i class=\"frymo-icon frymo-icon-grundstuecksflaeche\"><\/i><div class=\"frymo-listing-meta-item-value\">502,00 m\u00b2<\/div><\/span><\/div><\/div><\/article><\/div>\t\t\t\t<\/div>\n\t\t\t\t<\/div>\n\t\t\t\t<\/div>\n\t\t\t\t\t<\/div>\n\t\t\t\t<\/div>\n\t\t\t\t<\/div>\n\t\t","protected":false},"excerpt":{"rendered":"<p>Unsere Referenzen Erfolgreich vermittelte Objekte Zeige 1 bis 1 von 1 ImmobilienStandardsortierungPreis (niedrigste zuerst)Preis (h\u00f6chste zuerst)Zimmer (niedrigste zuerst)Zimmer (h\u00f6chste zuerst)Fl\u00e4che (niedrigste zuerst)Fl\u00e4che (h\u00f6chste zuerst)ID (kleinste zuerst)ID (gr\u00f6\u00dfte zuerst)Datum (\u00e4lteste zuerst)Datum (neueste zuerst) Einfamilienhaus 07381, P\u00f6\u00dfneck129,00 m\u00b2341445,00 m\u00b2<\/p>","protected":false},"author":5,"featured_media":0,"parent":0,"menu_order":0,"comment_status":"closed","ping_status":"closed","template":"","meta":{"_acf_changed":false,"footnotes":""},"class_list":["post-1102","page","type-page","status-publish","hentry"],"acf":[],"_links":{"self":[{"href":"https:\/\/rd-immokonzept.de\/en\/wp-json\/wp\/v2\/pages\/1102","targetHints":{"allow":["GET"]}}],"collection":[{"href":"https:\/\/rd-immokonzept.de\/en\/wp-json\/wp\/v2\/pages"}],"about":[{"href":"https:\/\/rd-immokonzept.de\/en\/wp-json\/wp\/v2\/types\/page"}],"author":[{"embeddable":true,"href":"https:\/\/rd-immokonzept.de\/en\/wp-json\/wp\/v2\/users\/5"}],"replies":[{"embeddable":true,"href":"https:\/\/rd-immokonzept.de\/en\/wp-json\/wp\/v2\/comments?post=1102"}],"version-history":[{"count":0,"href":"https:\/\/rd-immokonzept.de\/en\/wp-json\/wp\/v2\/pages\/1102\/revisions"}],"wp:attachment":[{"href":"https:\/\/rd-immokonzept.de\/en\/wp-json\/wp\/v2\/media?parent=1102"}],"curies":[{"name":"wp","href":"https:\/\/api.w.org\/{rel}","templated":true}]}}